{"id":81,"date":"2023-08-01T06:23:27","date_gmt":"2023-08-01T06:23:27","guid":{"rendered":"https:\/\/servicos.produtos.top\/biolink\/?post_type=product&#038;p=81"},"modified":"2024-11-06T20:38:52","modified_gmt":"2024-11-06T20:38:52","slug":"livro-caixa-siscontabil-ia-ativacao-mensal","status":"publish","type":"product","link":"https:\/\/servicos.produtos.top\/biolink\/produto\/livro-caixa-siscontabil-ia-ativacao-mensal\/","title":{"rendered":"CAIXA &#8211; SISCONT\u00c1BIL IA &#8211; MENSAL"},"content":{"rendered":"<p><span style=\"color: #ff6600;\"><strong>ESSE PLANO \u00e9 uma ASSINATURA para ATIVA\u00c7\u00c3O DO LIVRO CAIXA<\/strong><\/span>\u2026 O Pagamento \u00e9 recorrente a cada\u00a0<span style=\"color: #008000;\"><strong>30 DIAS<\/strong><\/span> para manter o <span style=\"color: #ff6600;\"><strong>LIVRO CAIXA<\/strong><\/span><strong>\u00a0<\/strong>ATIVADO\u2026 A renova\u00e7\u00e3o da assinatura que ATIVA e libera todas as fun\u00e7\u00f5es do <span style=\"color: #ff6600;\"><strong>LIVRO CAIXA<\/strong><\/span>, depende do pagamento com recorr\u00eancia\u00a0<span style=\"color: #008000;\"><strong>MENSAL<\/strong><\/span>.<\/p>\n<p><span style=\"color: #ff6600;\"><strong>A ATIVA\u00c7\u00c3O do LIVRO CAIXA<\/strong><\/span>\u00a0\u00e9 simples, e \u00e9 feita dentro do pr\u00f3prio APLICATIVO SISCONT\u00c1BIL IA\u2026 O sistema precisa da internet para se comunicar com o painel do cliente no site ROOSIS\u2026<\/p>\n<p><strong><span style=\"color: #800000;\">ATEN\u00c7\u00c3O:<\/span>\u00a0<\/strong><span style=\"color: #ff0000;\">Sem conex\u00e3o online com a internet o sistema n\u00e3o tem como ser ativado\u2026<\/span><\/p>\n<p>Com a conex\u00e3o da internet ok, o sistema ent\u00e3o se comunica com sua conta na plataforma ROOSIS, E caso a sua assinatura esteja com o pagamento ok, o <span style=\"color: #008000;\"><strong>LIVRO CAIXA<\/strong>\u00a0\u00e9 ativado<\/span>, mas caso a assinatura esteja com pagamento pendente, o<span style=\"color: #ff6600;\"> <strong>LIVRO CAIXA<\/strong>\u00a0n\u00e3o \u00e9 ativado<\/span>.<\/p>\n<p><strong><span style=\"color: #ff6600;\"><span style=\"color: #008000;\"><span style=\"color: #000000;\">A<\/span> ATIVA\u00c7\u00c3O<\/span> <span style=\"color: #000000;\">ou<\/span> BLOQUEIO<\/span><\/strong>, \u00e9 apenas para a impress\u00e3o de relat\u00f3rios<strong><span style=\"color: green;\">\u00a0LIVRO CAIXA<\/span><\/strong>\u2026 <span style=\"color: green;\">Todas as outras fun\u00e7\u00f5es de lan\u00e7amento ENTRADA ou SA\u00cdDA <strong>ficam <span style=\"color: #0000ff;\">sempre ativas, nunca s\u00e3o bloqueadas<\/span><\/strong><\/span>, <strong>mesmo que a assinatura esteja com o pagamento pendente<\/strong>\u2026 Isso significa, que ao usar o sistema, <strong>o usu\u00e1rio sempre tem acesso a tudo que j\u00e1 fez ou lan\u00e7ou no sistema, mesmo que as impress\u00f5es dos relat\u00f3rios <span style=\"color: green;\">LIVRO CAIXA<\/span> esteja bloqueado<\/strong>, tudo que j\u00e1 tenha lan\u00e7ado no sistema \u00e9 acess\u00edvel sempre, o usu\u00e1rio sempre tem acesso completo aos or\u00e7amentos j\u00e1 realizado e a novos lan\u00e7amentos de ENTRADA ou SA\u00cdDA, a lista de clientes, ao backup, etc\u2026 Ou seja\u2026 Quase <strong>Tudo continua <span style=\"color: #0000ff;\">sempre ativo para uso eterno<\/span><\/strong>, apenas as impress\u00f5es dos relat\u00f3rios do <strong><span style=\"color: green;\">LIVRO CAIXA<\/span><\/strong> s\u00e3o bloqueado se tiver pendencia no pagamento do plano.<\/p>\n<p>Ou seja o sistema controle de entrada e sa\u00edda \u00e9 <strong><span style=\"color: green;\">GRATUITO<\/span><\/strong> para lan\u00e7ar e controlar todos os seus recebimento e gastos, voc\u00ea s\u00f3 precisa pagar se quiser imprimir ou salvar os relat\u00f3rio em PDF.<\/p>\n","protected":false},"excerpt":{"rendered":"<p><strong><span style=\"color: #ff6600;\">Plano pagamento recorrente<\/span>\u00a0<span style=\"color: #008000;\">MENSAL<\/span><\/strong>, para acesso completo por\u00a0<span style=\"color: #008000;\">30 DIAS<\/span>\u00a0ao\u00a0<span style=\"color: #3366ff;\"><strong>LIVRO CAIXA<\/strong><\/span>\u00a0do sistema\u00a0<span style=\"color: #3366ff;\"><strong>SISCONT\u00c1BEL IA.<\/strong><\/span><\/p>\n","protected":false},"featured_media":530,"template":"","meta":[],"product_brand":[],"product_cat":[16],"product_tag":[],"class_list":{"0":"post-81","1":"product","2":"type-product","3":"status-publish","4":"has-post-thumbnail","6":"product_cat-cat-planos-siscontabil-ia-livro-caixa","7":"wpbf-post","10":"instock","11":"sale","12":"downloadable","13":"virtual","14":"sold-individually","15":"purchasable","16":"product-type-subscription"},"_links":{"self":[{"href":"https:\/\/servicos.produtos.top\/biolink\/wp-json\/wp\/v2\/product\/81","targetHints":{"allow":["GET"]}}],"collection":[{"href":"https:\/\/servicos.produtos.top\/biolink\/wp-json\/wp\/v2\/product"}],"about":[{"href":"https:\/\/servicos.produtos.top\/biolink\/wp-json\/wp\/v2\/types\/product"}],"version-history":[{"count":0,"href":"https:\/\/servicos.produtos.top\/biolink\/wp-json\/wp\/v2\/product\/81\/revisions"}],"wp:featuredmedia":[{"embeddable":true,"href":"https:\/\/servicos.produtos.top\/biolink\/wp-json\/wp\/v2\/media\/530"}],"wp:attachment":[{"href":"https:\/\/servicos.produtos.top\/biolink\/wp-json\/wp\/v2\/media?parent=81"}],"wp:term":[{"taxonomy":"product_brand","embeddable":true,"href":"https:\/\/servicos.produtos.top\/biolink\/wp-json\/wp\/v2\/product_brand?post=81"},{"taxonomy":"product_cat","embeddable":true,"href":"https:\/\/servicos.produtos.top\/biolink\/wp-json\/wp\/v2\/product_cat?post=81"},{"taxonomy":"product_tag","embeddable":true,"href":"https:\/\/servicos.produtos.top\/biolink\/wp-json\/wp\/v2\/product_tag?post=81"}],"curies":[{"name":"wp","href":"https:\/\/api.w.org\/{rel}","templated":true}]}}