{"id":218,"date":"2023-08-07T12:11:48","date_gmt":"2023-08-07T12:11:48","guid":{"rendered":"https:\/\/servicos.produtos.top\/biolink\/?post_type=product&#038;p=218"},"modified":"2024-11-06T20:39:06","modified_gmt":"2024-11-06T20:39:06","slug":"pdv-vendas-ativacao-mensal","status":"publish","type":"product","link":"https:\/\/servicos.produtos.top\/biolink\/produto\/pdv-vendas-ativacao-mensal\/","title":{"rendered":"PDV VENDAS &#8211;  ATIVA\u00c7\u00c3O MENSAL"},"content":{"rendered":"<p><strong><span style=\"color: #ff6600;\">ESSE PLANO \u00e9 uma ASSINATURA para ATIVA\u00c7\u00c3O DO PDV<\/span><\/strong>&#8230; O Pagamento \u00e9 recorrente a cada <strong>30 DIAS<\/strong> para manter o <strong><span style=\"color: #ff6600;\">PDV<\/span> <\/strong>ATIVADO&#8230; A renova\u00e7\u00e3o da assinatura que ATIVA e libera todas as fun\u00e7\u00f5es do <strong><span style=\"color: #ff6600;\">PDV<\/span><\/strong>, depende do pagamento com recorr\u00eancia <strong>MESAL<\/strong>.<\/p>\n<p><span style=\"color: #ff6600;\"><strong>A ATIVA\u00c7\u00c3O do PDV<\/strong><\/span> \u00e9 simples, e \u00e9 feita dentro do pr\u00f3prio APLICATIVO SISCONT\u00c1BIL IA&#8230; O sistema precisa da internet para se comunicar com o painel do cliente no site ROOSIS&#8230;<\/p>\n<p><strong><span style=\"color: #800000;\">ATEN\u00c7\u00c3O:<\/span> <\/strong><span style=\"color: #ff0000;\">Sem conex\u00e3o online com a internet o sistema n\u00e3o tem como ser ativado<\/span>&#8230;<\/p>\n<p>Com a conex\u00e3o da internet ok, o sistema ent\u00e3o se comunica com sua conta na <strong>plataforma ROOSIS<\/strong>, E caso a sua assinatura esteja com o pagamento ok, o <strong><span style=\"color: green;\">PDV VENDAS<\/span><\/strong> \u00e9 ativado, mas caso a assinatura esteja com pagamento pendente, o <strong><span style=\"color: green;\">PDV VENDAS<\/span><\/strong>\u00a0n\u00e3o \u00e9 ativado.<\/p>\n<p><strong><span style=\"color: #ff6600;\">A ATIVA\u00c7\u00c3O ou BLOQUEIO<\/span><\/strong>, \u00e9 apenas no<strong><span style=\"color: green;\"> PDV VENDAS<\/span><\/strong>\u2026 <span style=\"color: green;\">Todas as outras fun\u00e7\u00f5es do sistema <strong>ficam sempre ativas, nunca s\u00e3o bloqueadas<\/strong><\/span>, <strong>mesmo que a assinatura esteja com o pagamento pendente<\/strong>\u2026 Isso significa, que ao usar o sistema, <strong>o usu\u00e1rio sempre tem acesso a tudo que j\u00e1 fez ou lan\u00e7ou no sistema, mesmo que o <span style=\"color: green;\">PDV VENDAS<\/span>\u00a0esteja bloqueado<\/strong>, tudo que j\u00e1 tenha lan\u00e7ado no sistema \u00e9 acess\u00edvel sempre, o usu\u00e1rio sempre tem acesso completo as vendas e or\u00e7amentos j\u00e1 realizado, ao estoque, a lista de clientes, impress\u00e3o das O.S das vendas e or\u00e7amentos, ao backup, etc\u2026 Ou seja\u2026 <strong>Tudo continua sempre ativo para uso vital\u00edcio<\/strong>, apenas as p\u00e1gina de lan\u00e7amento de vendas do <strong><span style=\"color: green;\">PDV VENDAS<\/span><\/strong> \u00e9 bloqueado para novos lan\u00e7amentos&#8230; Para liberar basta est\u00e1 em dia com seu plano no site&#8230; Tudo automatizado.<\/p>\n","protected":false},"excerpt":{"rendered":"<p><strong><span style=\"color: #ff6600;\">Plano pagamento recorrente<\/span> <span style=\"color: #008000;\">MENSAL<\/span><\/strong>, para acesso completo por <strong><span style=\"color: #008000;\">30 DIAS<\/span><\/strong>\u00a0ao <strong><span style=\"color: #3366ff;\">PDV<\/span><\/strong> do sistema <span style=\"color: #3366ff;\"><strong>SISCONT\u00c1BEL IA<\/strong><\/span>.<\/p>\n<p>PDV <strong><span style=\"color: #808080;\">SIS<\/span><span style=\"color: #666699;\">COVES<\/span><\/strong>: <span style=\"color: #808080;\">Sistema de Controle de Or\u00e7amentos, Vendas, Estoque e Servi\u00e7os<\/span>.<\/p>\n","protected":false},"featured_media":604,"template":"","meta":[],"product_brand":[],"product_cat":[17],"product_tag":[],"class_list":{"0":"post-218","1":"product","2":"type-product","3":"status-publish","4":"has-post-thumbnail","6":"product_cat-cat-planos-siscontabil-ia-pdv","7":"wpbf-post","10":"instock","11":"sale","12":"downloadable","13":"virtual","14":"sold-individually","15":"purchasable","16":"product-type-subscription"},"_links":{"self":[{"href":"https:\/\/servicos.produtos.top\/biolink\/wp-json\/wp\/v2\/product\/218","targetHints":{"allow":["GET"]}}],"collection":[{"href":"https:\/\/servicos.produtos.top\/biolink\/wp-json\/wp\/v2\/product"}],"about":[{"href":"https:\/\/servicos.produtos.top\/biolink\/wp-json\/wp\/v2\/types\/product"}],"version-history":[{"count":0,"href":"https:\/\/servicos.produtos.top\/biolink\/wp-json\/wp\/v2\/product\/218\/revisions"}],"wp:featuredmedia":[{"embeddable":true,"href":"https:\/\/servicos.produtos.top\/biolink\/wp-json\/wp\/v2\/media\/604"}],"wp:attachment":[{"href":"https:\/\/servicos.produtos.top\/biolink\/wp-json\/wp\/v2\/media?parent=218"}],"wp:term":[{"taxonomy":"product_brand","embeddable":true,"href":"https:\/\/servicos.produtos.top\/biolink\/wp-json\/wp\/v2\/product_brand?post=218"},{"taxonomy":"product_cat","embeddable":true,"href":"https:\/\/servicos.produtos.top\/biolink\/wp-json\/wp\/v2\/product_cat?post=218"},{"taxonomy":"product_tag","embeddable":true,"href":"https:\/\/servicos.produtos.top\/biolink\/wp-json\/wp\/v2\/product_tag?post=218"}],"curies":[{"name":"wp","href":"https:\/\/api.w.org\/{rel}","templated":true}]}}