{"id":192,"date":"2023-08-05T17:07:40","date_gmt":"2023-08-05T17:07:40","guid":{"rendered":"https:\/\/servicos.produtos.top\/biolink\/?page_id=192"},"modified":"2024-05-28T12:49:43","modified_gmt":"2024-05-28T12:49:43","slug":"loja-pagina-pdv-planos","status":"publish","type":"page","link":"https:\/\/servicos.produtos.top\/biolink\/loja-pagina-pdv-planos\/","title":{"rendered":"Loja-P\u00e1gina-PDV-Planos"},"content":{"rendered":"\t\t<div data-elementor-type=\"wp-page\" data-elementor-id=\"192\" class=\"elementor elementor-192\">\n\t\t\t\t<div class=\"elementor-element elementor-element-832a84f e-flex e-con-boxed e-con e-parent\" data-id=\"832a84f\" data-element_type=\"container\" data-e-type=\"container\">\n\t\t\t\t\t<div class=\"e-con-inner\">\n\t\t<div class=\"elementor-element elementor-element-bb1ca4f e-con-full e-flex e-con e-child\" data-id=\"bb1ca4f\" data-element_type=\"container\" data-e-type=\"container\">\n\t\t\t\t<div class=\"elementor-element elementor-element-3311cea elementor-widget elementor-widget-image\" data-id=\"3311cea\" data-element_type=\"widget\" data-e-type=\"widget\" data-widget_type=\"image.default\">\n\t\t\t\t<div class=\"elementor-widget-container\">\n\t\t\t\t\t\t\t\t\t\t\t\t\t\t\t\t<a href=\"https:\/\/servicos.produtos.top\/biolink\/produto\/ativacao-mensal-pdv-siscontabil-ia-pro\/\">\n\t\t\t\t\t\t\t<img decoding=\"async\" src=\"https:\/\/i.imgur.com\/1adGWjn.jpg\" title=\"\" alt=\"\" loading=\"lazy\" \/>\t\t\t\t\t\t\t\t<\/a>\n\t\t\t\t\t\t\t\t\t\t\t\t\t\t\t<\/div>\n\t\t\t\t<\/div>\n\t\t\t\t<div class=\"elementor-element elementor-element-07f9404 elementor-widget elementor-widget-image\" data-id=\"07f9404\" data-element_type=\"widget\" data-e-type=\"widget\" data-widget_type=\"image.default\">\n\t\t\t\t<div class=\"elementor-widget-container\">\n\t\t\t\t\t\t\t\t\t\t\t\t\t\t\t\t<a href=\"https:\/\/servicos.produtos.top\/biolink\/produto\/ativacao-mensal-pdv-siscontabil-ia-pro\/\">\n\t\t\t\t\t\t\t<img decoding=\"async\" src=\"https:\/\/i.imgur.com\/1Xv9V0n.jpg\" title=\"\" alt=\"\" loading=\"lazy\" \/>\t\t\t\t\t\t\t\t<\/a>\n\t\t\t\t\t\t\t\t\t\t\t\t\t\t\t<\/div>\n\t\t\t\t<\/div>\n\t\t\t\t<\/div>\n\t\t<div class=\"elementor-element elementor-element-2e95162 e-con-full e-flex e-con e-child\" data-id=\"2e95162\" data-element_type=\"container\" data-e-type=\"container\">\n\t\t\t\t<div class=\"elementor-element elementor-element-8d100a9 elementor-widget elementor-widget-image\" data-id=\"8d100a9\" data-element_type=\"widget\" data-e-type=\"widget\" data-widget_type=\"image.default\">\n\t\t\t\t<div class=\"elementor-widget-container\">\n\t\t\t\t\t\t\t\t\t\t\t\t\t\t\t\t<a href=\"https:\/\/servicos.produtos.top\/biolink\/produto\/ativacao-semestral-pdv-siscontabil-ia-pro\/\">\n\t\t\t\t\t\t\t<img decoding=\"async\" src=\"https:\/\/i.imgur.com\/F2sxs5x.jpg\" title=\"\" alt=\"\" loading=\"lazy\" \/>\t\t\t\t\t\t\t\t<\/a>\n\t\t\t\t\t\t\t\t\t\t\t\t\t\t\t<\/div>\n\t\t\t\t<\/div>\n\t\t\t\t<div class=\"elementor-element elementor-element-cbc077e elementor-widget elementor-widget-image\" data-id=\"cbc077e\" data-element_type=\"widget\" data-e-type=\"widget\" data-widget_type=\"image.default\">\n\t\t\t\t<div class=\"elementor-widget-container\">\n\t\t\t\t\t\t\t\t\t\t\t\t\t\t\t\t<a href=\"https:\/\/servicos.produtos.top\/biolink\/produto\/ativacao-semestral-pdv-siscontabil-ia-pro\/\">\n\t\t\t\t\t\t\t<img decoding=\"async\" src=\"https:\/\/i.imgur.com\/gEUk8pB.jpg\" title=\"\" alt=\"\" loading=\"lazy\" \/>\t\t\t\t\t\t\t\t<\/a>\n\t\t\t\t\t\t\t\t\t\t\t\t\t\t\t<\/div>\n\t\t\t\t<\/div>\n\t\t\t\t<\/div>\n\t\t<div class=\"elementor-element elementor-element-934d480 e-con-full e-flex e-con e-child\" data-id=\"934d480\" data-element_type=\"container\" data-e-type=\"container\">\n\t\t\t\t<div class=\"elementor-element elementor-element-77f1ca8 elementor-widget elementor-widget-image\" data-id=\"77f1ca8\" data-element_type=\"widget\" data-e-type=\"widget\" data-widget_type=\"image.default\">\n\t\t\t\t<div class=\"elementor-widget-container\">\n\t\t\t\t\t\t\t\t\t\t\t\t\t\t\t\t<a href=\"https:\/\/servicos.produtos.top\/biolink\/produto\/ativacao-anual-pdv-siscontabil-ia-pro\/\">\n\t\t\t\t\t\t\t<img decoding=\"async\" src=\"https:\/\/i.imgur.com\/3qLmCuA.jpg\" title=\"\" alt=\"\" loading=\"lazy\" \/>\t\t\t\t\t\t\t\t<\/a>\n\t\t\t\t\t\t\t\t\t\t\t\t\t\t\t<\/div>\n\t\t\t\t<\/div>\n\t\t\t\t<div class=\"elementor-element elementor-element-fdccc4c elementor-widget elementor-widget-image\" data-id=\"fdccc4c\" data-element_type=\"widget\" data-e-type=\"widget\" data-widget_type=\"image.default\">\n\t\t\t\t<div class=\"elementor-widget-container\">\n\t\t\t\t\t\t\t\t\t\t\t\t\t\t\t\t<a href=\"https:\/\/servicos.produtos.top\/biolink\/produto\/ativacao-anual-pdv-siscontabil-ia-pro\/\">\n\t\t\t\t\t\t\t<img decoding=\"async\" src=\"https:\/\/i.imgur.com\/fo0mCcN.jpg\" title=\"\" alt=\"\" loading=\"lazy\" \/>\t\t\t\t\t\t\t\t<\/a>\n\t\t\t\t\t\t\t\t\t\t\t\t\t\t\t<\/div>\n\t\t\t\t<\/div>\n\t\t\t\t<\/div>\n\t\t<div class=\"elementor-element elementor-element-4e6c49e e-con-full e-flex e-con e-child\" data-id=\"4e6c49e\" data-element_type=\"container\" data-e-type=\"container\">\n\t\t\t\t<div class=\"elementor-element elementor-element-fcbb209 elementor-widget elementor-widget-image\" data-id=\"fcbb209\" data-element_type=\"widget\" data-e-type=\"widget\" data-widget_type=\"image.default\">\n\t\t\t\t<div class=\"elementor-widget-container\">\n\t\t\t\t\t\t\t\t\t\t\t\t\t\t\t\t<a href=\"https:\/\/servicos.produtos.top\/biolink\/produto\/ativacao-bianual-pdv-siscontabil-ia-pro\/\">\n\t\t\t\t\t\t\t<img decoding=\"async\" src=\"https:\/\/i.imgur.com\/1IyOHoS.jpg\" title=\"\" alt=\"\" loading=\"lazy\" \/>\t\t\t\t\t\t\t\t<\/a>\n\t\t\t\t\t\t\t\t\t\t\t\t\t\t\t<\/div>\n\t\t\t\t<\/div>\n\t\t\t\t<div class=\"elementor-element elementor-element-2660a7b elementor-widget elementor-widget-image\" data-id=\"2660a7b\" data-element_type=\"widget\" data-e-type=\"widget\" data-widget_type=\"image.default\">\n\t\t\t\t<div class=\"elementor-widget-container\">\n\t\t\t\t\t\t\t\t\t\t\t\t\t\t\t\t<a href=\"https:\/\/servicos.produtos.top\/biolink\/produto\/ativacao-bianual-pdv-siscontabil-ia-pro\/\">\n\t\t\t\t\t\t\t<img decoding=\"async\" src=\"https:\/\/i.imgur.com\/CiJZZ4x.jpg\" title=\"\" alt=\"\" loading=\"lazy\" \/>\t\t\t\t\t\t\t\t<\/a>\n\t\t\t\t\t\t\t\t\t\t\t\t\t\t\t<\/div>\n\t\t\t\t<\/div>\n\t\t\t\t<\/div>\n\t\t\t\t\t<\/div>\n\t\t\t\t<\/div>\n\t\t<div class=\"elementor-element elementor-element-74bed04 e-flex e-con-boxed e-con e-parent\" data-id=\"74bed04\" data-element_type=\"container\" data-e-type=\"container\">\n\t\t\t\t\t<div class=\"e-con-inner\">\n\t\t<div class=\"elementor-element elementor-element-f68fed5 e-con-full e-flex e-con e-child\" data-id=\"f68fed5\" data-element_type=\"container\" data-e-type=\"container\">\n\t\t\t\t<\/div>\n\t\t<div class=\"elementor-element elementor-element-3d64957 e-con-full e-flex e-con e-child\" data-id=\"3d64957\" data-element_type=\"container\" data-e-type=\"container\">\n\t\t\t\t<div class=\"elementor-element elementor-element-65d4f55 elementor-widget elementor-widget-n-accordion\" data-id=\"65d4f55\" data-element_type=\"widget\" data-e-type=\"widget\" data-settings=\"{&quot;default_state&quot;:&quot;all_collapsed&quot;,&quot;max_items_expended&quot;:&quot;one&quot;,&quot;n_accordion_animation_duration&quot;:{&quot;unit&quot;:&quot;ms&quot;,&quot;size&quot;:400,&quot;sizes&quot;:[]}}\" data-widget_type=\"nested-accordion.default\">\n\t\t\t\t<div class=\"elementor-widget-container\">\n\t\t\t\t\t\t\t<div class=\"e-n-accordion\" aria-label=\"Accordion. Open links with Enter or Space, close with Escape, and navigate with Arrow Keys\">\n\t\t\t\t\t\t<details id=\"e-n-accordion-item-1060\" class=\"e-n-accordion-item\" >\n\t\t\t\t<summary class=\"e-n-accordion-item-title\" data-accordion-index=\"1\" tabindex=\"0\" aria-expanded=\"false\" aria-controls=\"e-n-accordion-item-1060\" >\n\t\t\t\t\t<span class='e-n-accordion-item-title-header'><div class=\"e-n-accordion-item-title-text\"> PDV - VENDAS... Clique aqui \u00e9 Saiba mais.... <\/div><\/span>\n\t\t\t\t\t\t\t<span class='e-n-accordion-item-title-icon'>\n\t\t\t<span class='e-opened' ><i aria-hidden=\"true\" class=\"fas fa-sort-amount-up-alt\"><\/i><\/span>\n\t\t\t<span class='e-closed'><i aria-hidden=\"true\" class=\"fas fa-search-plus\"><\/i><\/span>\n\t\t<\/span>\n\n\t\t\t\t\t\t<\/summary>\n\t\t\t\t<div role=\"region\" aria-labelledby=\"e-n-accordion-item-1060\" class=\"elementor-element elementor-element-aa64cbe e-con-full e-flex e-con e-child\" data-id=\"aa64cbe\" data-element_type=\"container\" data-e-type=\"container\">\n\t\t<div role=\"region\" aria-labelledby=\"e-n-accordion-item-1060\" class=\"elementor-element elementor-element-39f47de e-flex e-con-boxed e-con e-child\" data-id=\"39f47de\" data-element_type=\"container\" data-e-type=\"container\">\n\t\t\t\t\t<div class=\"e-con-inner\">\n\t\t\t\t<div class=\"elementor-element elementor-element-de5ce09 elementor-widget elementor-widget-text-editor\" data-id=\"de5ce09\" data-element_type=\"widget\" data-e-type=\"widget\" data-widget_type=\"text-editor.default\">\n\t\t\t\t<div class=\"elementor-widget-container\">\n\t\t\t\t\t\t\t\t\t<p><strong><span style=\"color: #ff6600;\">Cada um DESSES quatros PLANOS<\/span> <span style=\"color: #008000;\">SISCONT\u00c1BIL <\/span><span style=\"color: #ff6600;\"><span style=\"color: #008000;\">IA PDV<\/span> \u00e9 uma ASSINTATURA para ATIVA\u00c7\u00c3O DO <span style=\"color: #008000;\">PDV VENDAS<\/span>.<\/span><\/strong><br \/>Temos hoje, 4 op\u00e7\u00f5es de assinaturas, <strong>ou seja<\/strong>, quatro <span style=\"color: #ff6600;\">PLANOS.<\/span><\/p><p><span style=\"color: #ff6600;\"><span style=\"color: #808080;\">Ao assinar um destes planos, <span style=\"color: #008000;\">o assinante tem acesso imediato ao painel<\/span> no <strong>site ROOSIS<\/strong>, \u00a0o painel tem os <strong>dados do assinante<\/strong> e os <strong>dados do plano<\/strong> que<\/span><\/span><strong><span style=\"color: #ff6600;\">\u00a0ATIVA e LIBERA<\/span><\/strong> todas as fun\u00e7\u00f5es do <span style=\"color: #008000;\"><strong>PDV VENDAS<\/strong><\/span>.<br \/><span style=\"color: #ff6600;\">PLANO MENSAL<\/span> (<span style=\"color: #008000;\">Pagamento RECORRENTE a cada 30 dias<\/span>)<\/p><p><span style=\"color: #ff6600;\">PLANO SEMESTRAL<\/span> (<span style=\"color: #008000;\">Pagamento RECORRENTE a cada 6 MESES<\/span>)<\/p><p><span style=\"color: #ff6600;\">PLANO ANUAL<\/span> (<span style=\"color: #008000;\">Pagamento RECORRENTE a cada 12 MESES<\/span>)<\/p><p><span style=\"color: #ff6600;\">PLANO BIANUAL<\/span> (<span style=\"color: #008000;\">Pagamento RECORRENTE a cada 24 MESES<\/span>)<\/p><p><span style=\"color: #ff6600;\"><strong>A ATIVA\u00c7\u00c3O do <span style=\"color: #008000;\">PDV VENDAS<\/span><\/strong><\/span> \u00e9 simples, e \u00e9 feita dentro do pr\u00f3prio <strong>APLICATIVO SISCONT\u00c1BIL IA<\/strong>\u2026 O sistema precisa da internet para se comunicar com o painel do cliente no <strong>site ROOSIS<\/strong>\u2026<\/p><p><strong><span style=\"color: #800000;\">ATEN\u00c7\u00c3O:<\/span> <\/strong><span style=\"color: #ff0000;\">Sem conex\u00e3o online com a internet o sistema n\u00e3o tem como ser ativado\u2026<\/span><\/p><p>Com a conex\u00e3o da internet ok, o sistema ent\u00e3o se comunica com sua conta na <strong>plataforma ROOSIS<\/strong>, E caso a sua assinatura esteja com o pagamento ok, o <span style=\"color: #ff6600;\"><strong><span style=\"color: #008000;\">PDV VENDAS<\/span><\/strong><\/span> \u00e9 ativado, mas caso a assinatura esteja com pagamento pendente, o <span style=\"color: #ff6600;\"><strong><span style=\"color: #008000;\">PDV VENDAS<\/span><\/strong><\/span>\u00a0n\u00e3o \u00e9 ativado.<\/p><p><span style=\"color: #ff6600;\"><strong>A ATIVA\u00c7\u00c3O ou BLOQUEIO<\/strong><\/span>, \u00e9 apenas no<span style=\"color: #008000;\"><strong> PDV VENDAS<\/strong><\/span>\u2026 <span style=\"color: #008000;\">Todas as outras fun\u00e7\u00f5es do sistema <strong>ficam sempre ativas, nunca s\u00e3o bloqueadas<\/strong><\/span>, <strong>mesmo que a assinatura esteja com o pagamento pendente<\/strong>\u2026 Isso significa, que ao usar o sistema, <strong>o usu\u00e1rio sempre tem acesso a tudo que j\u00e1 fez ou lan\u00e7ou no sistema, mesmo que o <span style=\"color: #ff6600;\"><span style=\"color: #008000;\">PDV VENDAS<\/span><\/span>\u00a0esteja bloqueado<\/strong>, tudo que j\u00e1 tenha lan\u00e7ado no sistema \u00e9 acess\u00edvel sempre, o usu\u00e1rio sempre tem acesso completo as vendas e or\u00e7amentos j\u00e1 realizado, ao estoque, a lista de clientes, impress\u00e3o das O.S das vendas e or\u00e7amentos, ao backup, etc\u2026 Ou seja\u2026 <strong>Tudo continua sempre ativo para uso vital\u00edcio<\/strong>, apenas as p\u00e1gina de lan\u00e7amento de vendas do <span style=\"color: #ff6600;\"><strong><span style=\"color: #008000;\">PDV VENDAS<\/span><\/strong><\/span> \u00e9 bloqueado para novos lan\u00e7amentos&#8230; Para liberar basta est\u00e1 em dia com seu plano no site&#8230;<\/p><p><strong><span style=\"color: #ff6600;\">Todo processo de pagamento \u00e9<span style=\"color: #008000;\"> simples e automatizado<\/span>.<\/span><\/strong><\/p>\t\t\t\t\t\t\t\t<\/div>\n\t\t\t\t<\/div>\n\t\t\t\t\t<\/div>\n\t\t\t\t<\/div>\n\t\t\t\t<\/div>\n\t\t\t\t\t<\/details>\n\t\t\t\t\t<\/div>\n\t\t\t\t\t\t<\/div>\n\t\t\t\t<\/div>\n\t\t\t\t<\/div>\n\t\t<div class=\"elementor-element elementor-element-c3c1ac4 e-con-full e-flex e-con e-child\" data-id=\"c3c1ac4\" data-element_type=\"container\" data-e-type=\"container\">\n\t\t\t\t<\/div>\n\t\t\t\t\t<\/div>\n\t\t\t\t<\/div>\n\t\t\t\t<\/div>\n\t\t","protected":false},"excerpt":{"rendered":"<p>PDV &#8211; VENDAS&#8230; Clique aqui \u00e9 Saiba mais&#8230;. Cada um DESSES quatros PLANOS SISCONT\u00c1BIL IA PDV \u00e9 uma ASSINTATURA para ATIVA\u00c7\u00c3O DO PDV VENDAS.Temos hoje, 4 op\u00e7\u00f5es de assinaturas, ou seja, quatro PLANOS. Ao assinar um destes planos, o assinante tem acesso imediato ao painel no site ROOSIS, \u00a0o painel tem os dados do assinante [&hellip;]<\/p>\n","protected":false},"author":1,"featured_media":0,"parent":0,"menu_order":0,"comment_status":"closed","ping_status":"closed","template":"","meta":{"footnotes":""},"class_list":["post-192","page","type-page","status-publish","hentry","wpbf-post"],"_links":{"self":[{"href":"https:\/\/servicos.produtos.top\/biolink\/wp-json\/wp\/v2\/pages\/192","targetHints":{"allow":["GET"]}}],"collection":[{"href":"https:\/\/servicos.produtos.top\/biolink\/wp-json\/wp\/v2\/pages"}],"about":[{"href":"https:\/\/servicos.produtos.top\/biolink\/wp-json\/wp\/v2\/types\/page"}],"author":[{"embeddable":true,"href":"https:\/\/servicos.produtos.top\/biolink\/wp-json\/wp\/v2\/users\/1"}],"replies":[{"embeddable":true,"href":"https:\/\/servicos.produtos.top\/biolink\/wp-json\/wp\/v2\/comments?post=192"}],"version-history":[{"count":0,"href":"https:\/\/servicos.produtos.top\/biolink\/wp-json\/wp\/v2\/pages\/192\/revisions"}],"wp:attachment":[{"href":"https:\/\/servicos.produtos.top\/biolink\/wp-json\/wp\/v2\/media?parent=192"}],"curies":[{"name":"wp","href":"https:\/\/api.w.org\/{rel}","templated":true}]}}