{"id":190,"date":"2023-08-05T17:06:44","date_gmt":"2023-08-05T17:06:44","guid":{"rendered":"https:\/\/servicos.produtos.top\/biolink\/?page_id=190"},"modified":"2024-05-30T21:09:18","modified_gmt":"2024-05-30T21:09:18","slug":"loja-pagina-livro-caixa-planos","status":"publish","type":"page","link":"https:\/\/servicos.produtos.top\/biolink\/loja-pagina-livro-caixa-planos\/","title":{"rendered":"Loja-P\u00e1gina-LIVRO CAIXA-Planos"},"content":{"rendered":"\t\t<div data-elementor-type=\"wp-page\" data-elementor-id=\"190\" class=\"elementor elementor-190\">\n\t\t\t\t<div class=\"elementor-element elementor-element-77d4477 e-flex e-con-boxed e-con e-parent\" data-id=\"77d4477\" data-element_type=\"container\" data-e-type=\"container\">\n\t\t\t\t\t<div class=\"e-con-inner\">\n\t\t<div class=\"elementor-element elementor-element-831c8d6 e-con-full e-flex e-con e-child\" data-id=\"831c8d6\" data-element_type=\"container\" data-e-type=\"container\">\n\t\t\t\t<\/div>\n\t\t<div class=\"elementor-element elementor-element-0c01a5f e-con-full e-flex e-con e-child\" data-id=\"0c01a5f\" data-element_type=\"container\" data-e-type=\"container\">\n\t\t\t\t<div class=\"elementor-element elementor-element-392e9c6 elementor-widget elementor-widget-image\" data-id=\"392e9c6\" data-element_type=\"widget\" data-e-type=\"widget\" data-widget_type=\"image.default\">\n\t\t\t\t<div class=\"elementor-widget-container\">\n\t\t\t\t\t\t\t\t\t\t\t\t\t\t\t\t<a href=\"https:\/\/servicos.produtos.top\/biolink\/produto\/livro-caixa-siscontabil-ia-pro-ativacao-mensal\/\">\n\t\t\t\t\t\t\t<img decoding=\"async\" src=\"https:\/\/i.imgur.com\/YlYmTan.png\" title=\"\" alt=\"\" loading=\"lazy\" \/>\t\t\t\t\t\t\t\t<\/a>\n\t\t\t\t\t\t\t\t\t\t\t\t\t\t\t<\/div>\n\t\t\t\t<\/div>\n\t\t\t\t<div class=\"elementor-element elementor-element-28223fb elementor-widget elementor-widget-image\" data-id=\"28223fb\" data-element_type=\"widget\" data-e-type=\"widget\" data-widget_type=\"image.default\">\n\t\t\t\t<div class=\"elementor-widget-container\">\n\t\t\t\t\t\t\t\t\t\t\t\t\t\t\t\t<a href=\"https:\/\/servicos.produtos.top\/biolink\/produto\/livro-caixa-siscontabil-ia-pro-ativacao-mensal\/\">\n\t\t\t\t\t\t\t<img decoding=\"async\" src=\"https:\/\/i.imgur.com\/Cfe7Pej.jpg\" title=\"\" alt=\"\" loading=\"lazy\" \/>\t\t\t\t\t\t\t\t<\/a>\n\t\t\t\t\t\t\t\t\t\t\t\t\t\t\t<\/div>\n\t\t\t\t<\/div>\n\t\t\t\t<\/div>\n\t\t<div class=\"elementor-element elementor-element-13ce5b3 e-con-full e-flex e-con e-child\" data-id=\"13ce5b3\" data-element_type=\"container\" data-e-type=\"container\">\n\t\t\t\t<div class=\"elementor-element elementor-element-202a407 elementor-widget elementor-widget-image\" data-id=\"202a407\" data-element_type=\"widget\" data-e-type=\"widget\" data-widget_type=\"image.default\">\n\t\t\t\t<div class=\"elementor-widget-container\">\n\t\t\t\t\t\t\t\t\t\t\t\t\t\t\t\t<a href=\"https:\/\/servicos.produtos.top\/biolink\/produto\/produto-siscontabil-ia-livro-caixa-vitalicio\/\">\n\t\t\t\t\t\t\t<img decoding=\"async\" src=\"https:\/\/i.imgur.com\/wxW5ahu.png\" title=\"\" alt=\"\" loading=\"lazy\" \/>\t\t\t\t\t\t\t\t<\/a>\n\t\t\t\t\t\t\t\t\t\t\t\t\t\t\t<\/div>\n\t\t\t\t<\/div>\n\t\t\t\t<div class=\"elementor-element elementor-element-6c38b33 elementor-widget elementor-widget-image\" data-id=\"6c38b33\" data-element_type=\"widget\" data-e-type=\"widget\" data-widget_type=\"image.default\">\n\t\t\t\t<div class=\"elementor-widget-container\">\n\t\t\t\t\t\t\t\t\t\t\t\t\t\t\t\t<a href=\"https:\/\/servicos.produtos.top\/biolink\/produto\/produto-siscontabil-ia-livro-caixa-vitalicio\/\">\n\t\t\t\t\t\t\t<img decoding=\"async\" src=\"https:\/\/i.imgur.com\/w2ABii6.jpg\" title=\"\" alt=\"\" loading=\"lazy\" \/>\t\t\t\t\t\t\t\t<\/a>\n\t\t\t\t\t\t\t\t\t\t\t\t\t\t\t<\/div>\n\t\t\t\t<\/div>\n\t\t\t\t<\/div>\n\t\t<div class=\"elementor-element elementor-element-9935d10 e-con-full e-flex e-con e-child\" data-id=\"9935d10\" data-element_type=\"container\" data-e-type=\"container\">\n\t\t\t\t<\/div>\n\t\t\t\t\t<\/div>\n\t\t\t\t<\/div>\n\t\t<div class=\"elementor-element elementor-element-3d6fab4 e-flex e-con-boxed e-con e-parent\" data-id=\"3d6fab4\" data-element_type=\"container\" data-e-type=\"container\">\n\t\t\t\t\t<div class=\"e-con-inner\">\n\t\t<div class=\"elementor-element elementor-element-a87cfd8 e-con-full e-flex e-con e-child\" data-id=\"a87cfd8\" data-element_type=\"container\" data-e-type=\"container\">\n\t\t\t\t<\/div>\n\t\t<div class=\"elementor-element elementor-element-72b697c e-con-full e-flex e-con e-child\" data-id=\"72b697c\" data-element_type=\"container\" data-e-type=\"container\">\n\t\t\t\t<div class=\"elementor-element elementor-element-cd955d8 elementor-widget elementor-widget-n-accordion\" data-id=\"cd955d8\" data-element_type=\"widget\" data-e-type=\"widget\" data-settings=\"{&quot;default_state&quot;:&quot;all_collapsed&quot;,&quot;max_items_expended&quot;:&quot;one&quot;,&quot;n_accordion_animation_duration&quot;:{&quot;unit&quot;:&quot;ms&quot;,&quot;size&quot;:400,&quot;sizes&quot;:[]}}\" data-widget_type=\"nested-accordion.default\">\n\t\t\t\t<div class=\"elementor-widget-container\">\n\t\t\t\t\t\t\t<div class=\"e-n-accordion\" aria-label=\"Accordion. Open links with Enter or Space, close with Escape, and navigate with Arrow Keys\">\n\t\t\t\t\t\t<details id=\"e-n-accordion-item-2150\" class=\"e-n-accordion-item\" >\n\t\t\t\t<summary class=\"e-n-accordion-item-title\" data-accordion-index=\"1\" tabindex=\"0\" aria-expanded=\"false\" aria-controls=\"e-n-accordion-item-2150\" >\n\t\t\t\t\t<span class='e-n-accordion-item-title-header'><div class=\"e-n-accordion-item-title-text\"> LIVRO CAIXA... Clique aqui \u00e9 Saiba mais.... <\/div><\/span>\n\t\t\t\t\t\t\t<span class='e-n-accordion-item-title-icon'>\n\t\t\t<span class='e-opened' ><i aria-hidden=\"true\" class=\"fas fa-sort-amount-up-alt\"><\/i><\/span>\n\t\t\t<span class='e-closed'><i aria-hidden=\"true\" class=\"fas fa-search-plus\"><\/i><\/span>\n\t\t<\/span>\n\n\t\t\t\t\t\t<\/summary>\n\t\t\t\t<div role=\"region\" aria-labelledby=\"e-n-accordion-item-2150\" class=\"elementor-element elementor-element-13f3d13 e-con-full e-flex e-con e-child\" data-id=\"13f3d13\" data-element_type=\"container\" data-e-type=\"container\">\n\t\t<div role=\"region\" aria-labelledby=\"e-n-accordion-item-2150\" class=\"elementor-element elementor-element-8c01296 e-flex e-con-boxed e-con e-child\" data-id=\"8c01296\" data-element_type=\"container\" data-e-type=\"container\">\n\t\t\t\t\t<div class=\"e-con-inner\">\n\t\t\t\t<div class=\"elementor-element elementor-element-b11a9a3 elementor-widget elementor-widget-text-editor\" data-id=\"b11a9a3\" data-element_type=\"widget\" data-e-type=\"widget\" data-widget_type=\"text-editor.default\">\n\t\t\t\t<div class=\"elementor-widget-container\">\n\t\t\t\t\t\t\t\t\t<p><strong><span style=\"color: #ff6600;\">Cada um DESSES dois PLANOS<\/span> <span style=\"color: #008000;\">SISCONT\u00c1BIL <\/span><span style=\"color: #ff6600;\"><span style=\"color: #008000;\">IA<\/span> \u00e9 uma ASSINTATURA para ATIVA\u00c7\u00c3O DO <span style=\"color: #008000;\">LIVRO CAIXA<\/span>.<\/span><\/strong><br \/>Tanto o <span style=\"color: #ff6600;\">PLANO MENSAL<\/span> (<span style=\"color: #008000;\">Pagamento recorrente a cada 30 dias<\/span>) ou <span style=\"color: #ff6600;\">PLANO VITAL\u00cdCIO<\/span> (<span style=\"color: #008000;\">Pagamento \u00daNICO<\/span>) <strong><span style=\"color: #ff6600;\">ATIVA e LIBERA<\/span><\/strong> todas as fun\u00e7\u00f5es do <span style=\"color: #008000;\"><strong>LIVRO CAIXA<\/strong><\/span>.<\/p><p><span style=\"color: #ff6600;\"><strong>A ATIVA\u00c7\u00c3O do <span style=\"color: #008000;\">LIVRO CAIXA<\/span><\/strong><\/span> \u00e9 simples, e \u00e9 feita dentro do pr\u00f3prio <strong>APLICATIVO SISCONT\u00c1BIL IA<\/strong>\u2026 O sistema precisa da internet para se comunicar com o painel do cliente no <strong>site ROOSIS<\/strong>\u2026<\/p><p><strong><span style=\"color: #800000;\">ATEN\u00c7\u00c3O:<\/span> <\/strong><span style=\"color: #ff0000;\">Sem conex\u00e3o online com a internet o sistema n\u00e3o tem como ser ativado\u2026<\/span><\/p><p>Com a conex\u00e3o da internet ok, o sistema ent\u00e3o se comunica com sua conta na <strong>plataforma ROOSIS<\/strong>, E caso a sua assinatura esteja com o pagamento ok, o <span style=\"color: #008000;\"><strong>LIVRO CAIXA<\/strong><\/span> \u00e9 ativado, mas caso a assinatura esteja com pagamento pendente, o <span style=\"color: #008000;\"><strong>LIVRO CAIXA<\/strong><\/span> n\u00e3o \u00e9 ativado.<\/p><p><span style=\"color: #ff6600;\"><strong>A ATIVA\u00c7\u00c3O ou BLOQUEIO<\/strong><\/span>, \u00e9 apenas para a impress\u00e3o de relat\u00f3rios<span style=\"color: #008000;\"><strong>\u00a0LIVRO CAIXA<\/strong><\/span>\u2026 <span style=\"color: #008000;\">Todas as outras fun\u00e7\u00f5es de lan\u00e7amento ENTRADA ou SA\u00cdDA <strong>ficam sempre ativas, nunca s\u00e3o bloqueadas<\/strong><\/span>, <strong>mesmo que a assinatura esteja com o pagamento pendente<\/strong>\u2026 Isso significa, que ao usar o sistema, <strong>o usu\u00e1rio sempre tem acesso a tudo que j\u00e1 fez ou lan\u00e7ou no sistema, mesmo que as impress\u00f5es dos relat\u00f3rios <span style=\"color: #008000;\">LIVRO CAIXA<\/span> esteja bloqueado<\/strong>, tudo que j\u00e1 tenha lan\u00e7ado no sistema \u00e9 acess\u00edvel sempre, o usu\u00e1rio sempre tem acesso completo aos or\u00e7amentos j\u00e1 realizado e a novos lan\u00e7amentos de ENTRADA ou SA\u00cdDA, a lista de clientes, ao backup, etc\u2026 Ou seja\u2026 Quase <strong>Tudo continua sempre ativo para uso eterno<\/strong>, apenas as impress\u00f5es dos relat\u00f3rios do <span style=\"color: #008000;\"><strong>LIVRO CAIXA<\/strong><\/span> s\u00e3o bloqueado se tiver pendencia no pagamento do plano.<br \/><br \/>Ou seja o <strong><span style=\"color: #ff6600;\">sistema de controle de entrada e sa\u00edda<\/span><\/strong> \u00e9 <span style=\"color: #008000;\"><strong>GRATUITO<\/strong><\/span> para lan\u00e7ar e controlar todos os seus recebimento e gastos, voc\u00ea s\u00f3 precisa pagar se quiser imprimir ou salvar os relat\u00f3rio em PDF.<\/p>\t\t\t\t\t\t\t\t<\/div>\n\t\t\t\t<\/div>\n\t\t\t\t\t<\/div>\n\t\t\t\t<\/div>\n\t\t\t\t<\/div>\n\t\t\t\t\t<\/details>\n\t\t\t\t\t<\/div>\n\t\t\t\t\t\t<\/div>\n\t\t\t\t<\/div>\n\t\t\t\t<\/div>\n\t\t<div class=\"elementor-element elementor-element-9f13648 e-con-full e-flex e-con e-child\" data-id=\"9f13648\" data-element_type=\"container\" data-e-type=\"container\">\n\t\t\t\t<\/div>\n\t\t\t\t\t<\/div>\n\t\t\t\t<\/div>\n\t\t\t\t<\/div>\n\t\t","protected":false},"excerpt":{"rendered":"<p>LIVRO CAIXA&#8230; Clique aqui \u00e9 Saiba mais&#8230;. Cada um DESSES dois PLANOS SISCONT\u00c1BIL IA \u00e9 uma ASSINTATURA para ATIVA\u00c7\u00c3O DO LIVRO CAIXA.Tanto o PLANO MENSAL (Pagamento recorrente a cada 30 dias) ou PLANO VITAL\u00cdCIO (Pagamento \u00daNICO) ATIVA e LIBERA todas as fun\u00e7\u00f5es do LIVRO CAIXA. A ATIVA\u00c7\u00c3O do LIVRO CAIXA \u00e9 simples, e \u00e9 feita [&hellip;]<\/p>\n","protected":false},"author":1,"featured_media":0,"parent":0,"menu_order":0,"comment_status":"closed","ping_status":"closed","template":"","meta":{"footnotes":""},"class_list":["post-190","page","type-page","status-publish","hentry","wpbf-post"],"_links":{"self":[{"href":"https:\/\/servicos.produtos.top\/biolink\/wp-json\/wp\/v2\/pages\/190","targetHints":{"allow":["GET"]}}],"collection":[{"href":"https:\/\/servicos.produtos.top\/biolink\/wp-json\/wp\/v2\/pages"}],"about":[{"href":"https:\/\/servicos.produtos.top\/biolink\/wp-json\/wp\/v2\/types\/page"}],"author":[{"embeddable":true,"href":"https:\/\/servicos.produtos.top\/biolink\/wp-json\/wp\/v2\/users\/1"}],"replies":[{"embeddable":true,"href":"https:\/\/servicos.produtos.top\/biolink\/wp-json\/wp\/v2\/comments?post=190"}],"version-history":[{"count":0,"href":"https:\/\/servicos.produtos.top\/biolink\/wp-json\/wp\/v2\/pages\/190\/revisions"}],"wp:attachment":[{"href":"https:\/\/servicos.produtos.top\/biolink\/wp-json\/wp\/v2\/media?parent=190"}],"curies":[{"name":"wp","href":"https:\/\/api.w.org\/{rel}","templated":true}]}}