{"id":103165,"date":"2026-03-03T17:20:53","date_gmt":"2026-03-03T17:20:53","guid":{"rendered":"https:\/\/servicos.produtos.top\/biolink\/?page_id=103165"},"modified":"2026-03-03T17:31:09","modified_gmt":"2026-03-03T17:31:09","slug":"biolink-meus-cartoes-virtuais","status":"publish","type":"page","link":"https:\/\/servicos.produtos.top\/biolink\/biolink-meus-cartoes-virtuais\/","title":{"rendered":"#BioLink-\u00a0Meus Cart\u00f5es Virtuais-v1"},"content":{"rendered":"\n<style>\n  \/* ===== ESTILO DO DASHBOARD ===== *\/\n  .roosis-dashboard-container {\n    background: linear-gradient(135deg, #667eea 0%, #764ba2 100%);\n    border-radius: 20px;\n    padding: 50px 40px;\n    margin: 40px 0;\n    color: white;\n    box-shadow: 0 20px 60px rgba(0,0,0,0.3);\n    font-family: -apple-system, BlinkMacSystemFont, 'Segoe UI', Roboto, Oxygen, Ubuntu, Cantarell, sans-serif;\n  }\n\n  .roosis-dashboard-container h2 {\n    font-size: 32px;\n    margin: 0 0 15px 0;\n    font-weight: 700;\n  }\n\n  .roosis-dashboard-container p {\n    font-size: 16px;\n    opacity: 0.95;\n    margin: 0 0 30px 0;\n    line-height: 1.6;\n  }\n\n  .roosis-dashboard-root {\n    background: transparent;\n    color: white;\n  }\n\n  .roosis-dashboard-root button,\n  .roosis-dashboard-root a.button {\n    background-color: #00d4ff;\n    color: #333;\n    border: none;\n    padding: 12px 28px;\n    border-radius: 8px;\n    font-weight: 600;\n    cursor: pointer;\n    font-size: 15px;\n    transition: all 0.3s ease;\n  }\n\n  .roosis-dashboard-root button:hover,\n  .roosis-dashboard-root a.button:hover {\n    background-color: #00b8d4;\n    transform: translateY(-2px);\n    box-shadow: 0 5px 20px rgba(0, 212, 255, 0.4);\n  }\n\n  .roosis-dashboard-root table {\n    background: rgba(255,255,255,0.1);\n    border-collapse: collapse;\n    width: 100%;\n    margin-top: 20px;\n  }\n\n  .roosis-dashboard-root table th {\n    background: rgba(0,0,0,0.2);\n    color: white;\n    padding: 15px;\n    text-align: left;\n    font-weight: 600;\n    border: 1px solid rgba(255,255,255,0.1);\n  }\n\n  .roosis-dashboard-root table td {\n    padding: 15px;\n    border: 1px solid rgba(255,255,255,0.1);\n    color: white;\n  }\n\n  .roosis-dashboard-root table tr:hover {\n    background: rgba(0,212,255,0.1);\n  }\n\n  .roosis-status-badge {\n    display: inline-block;\n    padding: 6px 14px;\n    border-radius: 20px;\n    font-size: 12px;\n    font-weight: 600;\n  }\n\n  .status-publish {\n    background-color: #31a3dd;\n    color: white;\n  }\n\n  .status-draft {\n    background-color: #ff9800;\n    color: white;\n  }\n\n  .status-private {\n    background-color: #f44336;\n    color: white;\n  }\n\n  \/* Responsivo *\/\n  @media (max-width: 768px) {\n    .roosis-dashboard-container {\n      padding: 30px 20px;\n      border-radius: 15px;\n    }\n\n    .roosis-dashboard-container h2 {\n      font-size: 24px;\n    }\n\n    .roosis-dashboard-root table {\n      font-size: 14px;\n    }\n\n    .roosis-dashboard-root table th,\n    .roosis-dashboard-root table td {\n      padding: 10px;\n    }\n  }\n<\/style>\n\n<div class=\"roosis-dashboard-container\">\n  <h2>Meus Cart\u00f5es Virtuais<\/h2>\n  <p>Aqui voc\u00ea pode visualizar, criar e editar todos os seus cart\u00f5es virtuais. Seu cart\u00e3o fica dispon\u00edvel publicamente quando voc\u00ea tem uma assinatura ativa.<\/p>\n<\/div>\n\n<div class=\"roosis-dashboard-root\" data-role=\"client\"><\/div>\n\n\n\n\n<p><\/p>\n","protected":false},"excerpt":{"rendered":"<p>Meus Cart\u00f5es Virtuais Aqui voc\u00ea pode visualizar, criar e editar todos os seus cart\u00f5es virtuais. Seu cart\u00e3o fica dispon\u00edvel publicamente quando voc\u00ea tem uma assinatura ativa.<\/p>\n","protected":false},"author":24,"featured_media":0,"parent":0,"menu_order":0,"comment_status":"closed","ping_status":"closed","template":"","meta":{"footnotes":""},"class_list":["post-103165","page","type-page","status-publish","hentry","wpbf-post"],"_links":{"self":[{"href":"https:\/\/servicos.produtos.top\/biolink\/wp-json\/wp\/v2\/pages\/103165","targetHints":{"allow":["GET"]}}],"collection":[{"href":"https:\/\/servicos.produtos.top\/biolink\/wp-json\/wp\/v2\/pages"}],"about":[{"href":"https:\/\/servicos.produtos.top\/biolink\/wp-json\/wp\/v2\/types\/page"}],"author":[{"embeddable":true,"href":"https:\/\/servicos.produtos.top\/biolink\/wp-json\/wp\/v2\/users\/24"}],"replies":[{"embeddable":true,"href":"https:\/\/servicos.produtos.top\/biolink\/wp-json\/wp\/v2\/comments?post=103165"}],"version-history":[{"count":4,"href":"https:\/\/servicos.produtos.top\/biolink\/wp-json\/wp\/v2\/pages\/103165\/revisions"}],"predecessor-version":[{"id":103174,"href":"https:\/\/servicos.produtos.top\/biolink\/wp-json\/wp\/v2\/pages\/103165\/revisions\/103174"}],"wp:attachment":[{"href":"https:\/\/servicos.produtos.top\/biolink\/wp-json\/wp\/v2\/media?parent=103165"}],"curies":[{"name":"wp","href":"https:\/\/api.w.org\/{rel}","templated":true}]}}